{"id":5542,"date":"2024-01-23T13:32:01","date_gmt":"2024-01-23T12:32:01","guid":{"rendered":"https:\/\/www.veduna.si\/aktivnosti\/veduna-pranicko-bretarijanski-proces-suhi-post\/veduna-suhi-post-pranicki-proces-na-otoku-krku\/"},"modified":"2024-03-29T12:40:43","modified_gmt":"2024-03-29T11:40:43","slug":"veduna-suhi-post-pranicki-proces-na-otoku-krku","status":"publish","type":"page","link":"https:\/\/www.veduna.si\/hr\/aktivnosti\/veduna-pranicko-bretarijanski-proces-suhi-post\/veduna-suhi-post-pranicki-proces-na-otoku-krku\/","title":{"rendered":"VEDUNA SUHI POST (prani\u010dki proces) NA OTOKU KRK"},"content":{"rendered":"<p>mediji, zvu\u010dno-energetski terapeuti i kozmi\u010dki kirurzi <b>dr. Mira Omerzel \u2013 Mirit<\/b> i<br \/>\n<b>Tine Omerzel Terlep<\/b> te glazbenici \u2013 terapeuti ansambla <b>Vedun<\/b><\/p>\n<p><b>LOTUS Resort and HOMER Center, otok Krk, Hrvatska<\/b><\/p>\n<p><b>od petka 13. rujna do nedjelje 22. rujna 2024.<\/b><\/p>\n","protected":false},"excerpt":{"rendered":"<p>mediji, zvu\u010dno-energetski terapeuti i kozmi\u010dki kirurzi dr. Mira Omerzel \u2013 Mirit i Tine Omerzel Terlep te glazbenici \u2013 terapeuti ansambla Vedun LOTUS Resort and HOMER Center, otok Krk, Hrvatska od petka 13. rujna do nedjelje 22. rujna 2024.<\/p>\n","protected":false},"author":6,"featured_media":5441,"parent":5524,"menu_order":0,"comment_status":"closed","ping_status":"closed","template":"","meta":{"_acf_changed":false,"footnotes":""},"class_list":["post-5542","page","type-page","status-publish","has-post-thumbnail","hentry"],"acf":[],"yoast_head":"<!-- This site is optimized with the Yoast SEO plugin v27.4 - https:\/\/yoast.com\/product\/yoast-seo-wordpress\/ -->\n<title>VEDUNA SUHI POST (prani\u010dki proces) NA OTOKU KRK - Veduna<\/title>\n<meta name=\"robots\" content=\"index, follow, max-snippet:-1, max-image-preview:large, max-video-preview:-1\" \/>\n<link rel=\"canonical\" href=\"https:\/\/www.veduna.si\/hr\/aktivnosti\/veduna-pranicko-bretarijanski-proces-suhi-post\/veduna-suhi-post-pranicki-proces-na-otoku-krku\/\" \/>\n<meta property=\"og:locale\" content=\"hr_HR\" \/>\n<meta property=\"og:type\" content=\"article\" \/>\n<meta property=\"og:title\" content=\"VEDUNA SUHI POST (prani\u010dki proces) NA OTOKU KRK - Veduna\" \/>\n<meta property=\"og:description\" content=\"mediji, zvu\u010dno-energetski terapeuti i kozmi\u010dki kirurzi dr. Mira Omerzel \u2013 Mirit i Tine Omerzel Terlep te glazbenici \u2013 terapeuti ansambla Vedun LOTUS Resort and HOMER Center, otok Krk, Hrvatska od petka 13. rujna do nedjelje 22. rujna 2024.\" \/>\n<meta property=\"og:url\" content=\"https:\/\/www.veduna.si\/hr\/aktivnosti\/veduna-pranicko-bretarijanski-proces-suhi-post\/veduna-suhi-post-pranicki-proces-na-otoku-krku\/\" \/>\n<meta property=\"og:site_name\" content=\"Veduna\" \/>\n<meta property=\"article:publisher\" content=\"https:\/\/www.facebook.com\/KatedraVeduna\" \/>\n<meta property=\"article:modified_time\" content=\"2024-03-29T11:40:43+00:00\" \/>\n<meta property=\"og:image\" content=\"https:\/\/www.veduna.si\/wp-content\/uploads\/2023\/02\/Veduna-Suhi-post-Pudarica_2.jpg\" \/>\n\t<meta property=\"og:image:width\" content=\"466\" \/>\n\t<meta property=\"og:image:height\" content=\"311\" \/>\n\t<meta property=\"og:image:type\" content=\"image\/jpeg\" \/>\n<meta name=\"twitter:card\" content=\"summary_large_image\" \/>\n<script type=\"application\/ld+json\" class=\"yoast-schema-graph\">{\"@context\":\"https:\\\/\\\/schema.org\",\"@graph\":[{\"@type\":\"WebPage\",\"@id\":\"https:\\\/\\\/www.veduna.si\\\/hr\\\/aktivnosti\\\/veduna-pranicko-bretarijanski-proces-suhi-post\\\/veduna-suhi-post-pranicki-proces-na-otoku-krku\\\/\",\"url\":\"https:\\\/\\\/www.veduna.si\\\/hr\\\/aktivnosti\\\/veduna-pranicko-bretarijanski-proces-suhi-post\\\/veduna-suhi-post-pranicki-proces-na-otoku-krku\\\/\",\"name\":\"VEDUNA SUHI POST (prani\u010dki proces) NA OTOKU KRK - Veduna\",\"isPartOf\":{\"@id\":\"https:\\\/\\\/veduna.kreativnatovarna.si\\\/#website\"},\"primaryImageOfPage\":{\"@id\":\"https:\\\/\\\/www.veduna.si\\\/hr\\\/aktivnosti\\\/veduna-pranicko-bretarijanski-proces-suhi-post\\\/veduna-suhi-post-pranicki-proces-na-otoku-krku\\\/#primaryimage\"},\"image\":{\"@id\":\"https:\\\/\\\/www.veduna.si\\\/hr\\\/aktivnosti\\\/veduna-pranicko-bretarijanski-proces-suhi-post\\\/veduna-suhi-post-pranicki-proces-na-otoku-krku\\\/#primaryimage\"},\"thumbnailUrl\":\"https:\\\/\\\/www.veduna.si\\\/wp-content\\\/uploads\\\/2023\\\/02\\\/Veduna-Suhi-post-Pudarica_2.jpg\",\"datePublished\":\"2024-01-23T12:32:01+00:00\",\"dateModified\":\"2024-03-29T11:40:43+00:00\",\"breadcrumb\":{\"@id\":\"https:\\\/\\\/www.veduna.si\\\/hr\\\/aktivnosti\\\/veduna-pranicko-bretarijanski-proces-suhi-post\\\/veduna-suhi-post-pranicki-proces-na-otoku-krku\\\/#breadcrumb\"},\"inLanguage\":\"hr\",\"potentialAction\":[{\"@type\":\"ReadAction\",\"target\":[\"https:\\\/\\\/www.veduna.si\\\/hr\\\/aktivnosti\\\/veduna-pranicko-bretarijanski-proces-suhi-post\\\/veduna-suhi-post-pranicki-proces-na-otoku-krku\\\/\"]}]},{\"@type\":\"ImageObject\",\"inLanguage\":\"hr\",\"@id\":\"https:\\\/\\\/www.veduna.si\\\/hr\\\/aktivnosti\\\/veduna-pranicko-bretarijanski-proces-suhi-post\\\/veduna-suhi-post-pranicki-proces-na-otoku-krku\\\/#primaryimage\",\"url\":\"https:\\\/\\\/www.veduna.si\\\/wp-content\\\/uploads\\\/2023\\\/02\\\/Veduna-Suhi-post-Pudarica_2.jpg\",\"contentUrl\":\"https:\\\/\\\/www.veduna.si\\\/wp-content\\\/uploads\\\/2023\\\/02\\\/Veduna-Suhi-post-Pudarica_2.jpg\",\"width\":466,\"height\":311},{\"@type\":\"BreadcrumbList\",\"@id\":\"https:\\\/\\\/www.veduna.si\\\/hr\\\/aktivnosti\\\/veduna-pranicko-bretarijanski-proces-suhi-post\\\/veduna-suhi-post-pranicki-proces-na-otoku-krku\\\/#breadcrumb\",\"itemListElement\":[{\"@type\":\"ListItem\",\"position\":1,\"name\":\"Home\",\"item\":\"https:\\\/\\\/www.veduna.si\\\/hr\\\/\"},{\"@type\":\"ListItem\",\"position\":2,\"name\":\"Aktivnosti\",\"item\":\"https:\\\/\\\/www.veduna.si\\\/hr\\\/aktivnosti\\\/\"},{\"@type\":\"ListItem\",\"position\":3,\"name\":\"Veduna prani\u010dko-bretarijanski proces (suhi post)\",\"item\":\"https:\\\/\\\/www.veduna.si\\\/hr\\\/aktivnosti\\\/veduna-pranicko-bretarijanski-proces-suhi-post\\\/\"},{\"@type\":\"ListItem\",\"position\":4,\"name\":\"VEDUNA SUHI POST (prani\u010dki proces) NA OTOKU KRK\"}]},{\"@type\":\"WebSite\",\"@id\":\"https:\\\/\\\/veduna.kreativnatovarna.si\\\/#website\",\"url\":\"https:\\\/\\\/veduna.kreativnatovarna.si\\\/\",\"name\":\"Veduna.si\",\"description\":\"Slovansko-pitagorejska katedra za razvoj zavesti in harmoniziranje z zvokom\",\"publisher\":{\"@id\":\"https:\\\/\\\/veduna.kreativnatovarna.si\\\/#organization\"},\"potentialAction\":[{\"@type\":\"SearchAction\",\"target\":{\"@type\":\"EntryPoint\",\"urlTemplate\":\"https:\\\/\\\/veduna.kreativnatovarna.si\\\/?s={search_term_string}\"},\"query-input\":{\"@type\":\"PropertyValueSpecification\",\"valueRequired\":true,\"valueName\":\"search_term_string\"}}],\"inLanguage\":\"hr\"},{\"@type\":\"Organization\",\"@id\":\"https:\\\/\\\/veduna.kreativnatovarna.si\\\/#organization\",\"name\":\"Veduna.si\",\"url\":\"https:\\\/\\\/veduna.kreativnatovarna.si\\\/\",\"logo\":{\"@type\":\"ImageObject\",\"inLanguage\":\"hr\",\"@id\":\"https:\\\/\\\/veduna.kreativnatovarna.si\\\/#\\\/schema\\\/logo\\\/image\\\/\",\"url\":\"https:\\\/\\\/www.veduna.si\\\/wp-content\\\/uploads\\\/2023\\\/02\\\/logo-footer.svg\",\"contentUrl\":\"https:\\\/\\\/www.veduna.si\\\/wp-content\\\/uploads\\\/2023\\\/02\\\/logo-footer.svg\",\"width\":1,\"height\":1,\"caption\":\"Veduna.si\"},\"image\":{\"@id\":\"https:\\\/\\\/veduna.kreativnatovarna.si\\\/#\\\/schema\\\/logo\\\/image\\\/\"},\"sameAs\":[\"https:\\\/\\\/www.facebook.com\\\/KatedraVeduna\"]}]}<\/script>\n<!-- \/ Yoast SEO plugin. -->","yoast_head_json":{"title":"VEDUNA SUHI POST (prani\u010dki proces) NA OTOKU KRK - Veduna","robots":{"index":"index","follow":"follow","max-snippet":"max-snippet:-1","max-image-preview":"max-image-preview:large","max-video-preview":"max-video-preview:-1"},"canonical":"https:\/\/www.veduna.si\/hr\/aktivnosti\/veduna-pranicko-bretarijanski-proces-suhi-post\/veduna-suhi-post-pranicki-proces-na-otoku-krku\/","og_locale":"hr_HR","og_type":"article","og_title":"VEDUNA SUHI POST (prani\u010dki proces) NA OTOKU KRK - Veduna","og_description":"mediji, zvu\u010dno-energetski terapeuti i kozmi\u010dki kirurzi dr. Mira Omerzel \u2013 Mirit i Tine Omerzel Terlep te glazbenici \u2013 terapeuti ansambla Vedun LOTUS Resort and HOMER Center, otok Krk, Hrvatska od petka 13. rujna do nedjelje 22. rujna 2024.","og_url":"https:\/\/www.veduna.si\/hr\/aktivnosti\/veduna-pranicko-bretarijanski-proces-suhi-post\/veduna-suhi-post-pranicki-proces-na-otoku-krku\/","og_site_name":"Veduna","article_publisher":"https:\/\/www.facebook.com\/KatedraVeduna","article_modified_time":"2024-03-29T11:40:43+00:00","og_image":[{"width":466,"height":311,"url":"https:\/\/www.veduna.si\/wp-content\/uploads\/2023\/02\/Veduna-Suhi-post-Pudarica_2.jpg","type":"image\/jpeg"}],"twitter_card":"summary_large_image","schema":{"@context":"https:\/\/schema.org","@graph":[{"@type":"WebPage","@id":"https:\/\/www.veduna.si\/hr\/aktivnosti\/veduna-pranicko-bretarijanski-proces-suhi-post\/veduna-suhi-post-pranicki-proces-na-otoku-krku\/","url":"https:\/\/www.veduna.si\/hr\/aktivnosti\/veduna-pranicko-bretarijanski-proces-suhi-post\/veduna-suhi-post-pranicki-proces-na-otoku-krku\/","name":"VEDUNA SUHI POST (prani\u010dki proces) NA OTOKU KRK - Veduna","isPartOf":{"@id":"https:\/\/veduna.kreativnatovarna.si\/#website"},"primaryImageOfPage":{"@id":"https:\/\/www.veduna.si\/hr\/aktivnosti\/veduna-pranicko-bretarijanski-proces-suhi-post\/veduna-suhi-post-pranicki-proces-na-otoku-krku\/#primaryimage"},"image":{"@id":"https:\/\/www.veduna.si\/hr\/aktivnosti\/veduna-pranicko-bretarijanski-proces-suhi-post\/veduna-suhi-post-pranicki-proces-na-otoku-krku\/#primaryimage"},"thumbnailUrl":"https:\/\/www.veduna.si\/wp-content\/uploads\/2023\/02\/Veduna-Suhi-post-Pudarica_2.jpg","datePublished":"2024-01-23T12:32:01+00:00","dateModified":"2024-03-29T11:40:43+00:00","breadcrumb":{"@id":"https:\/\/www.veduna.si\/hr\/aktivnosti\/veduna-pranicko-bretarijanski-proces-suhi-post\/veduna-suhi-post-pranicki-proces-na-otoku-krku\/#breadcrumb"},"inLanguage":"hr","potentialAction":[{"@type":"ReadAction","target":["https:\/\/www.veduna.si\/hr\/aktivnosti\/veduna-pranicko-bretarijanski-proces-suhi-post\/veduna-suhi-post-pranicki-proces-na-otoku-krku\/"]}]},{"@type":"ImageObject","inLanguage":"hr","@id":"https:\/\/www.veduna.si\/hr\/aktivnosti\/veduna-pranicko-bretarijanski-proces-suhi-post\/veduna-suhi-post-pranicki-proces-na-otoku-krku\/#primaryimage","url":"https:\/\/www.veduna.si\/wp-content\/uploads\/2023\/02\/Veduna-Suhi-post-Pudarica_2.jpg","contentUrl":"https:\/\/www.veduna.si\/wp-content\/uploads\/2023\/02\/Veduna-Suhi-post-Pudarica_2.jpg","width":466,"height":311},{"@type":"BreadcrumbList","@id":"https:\/\/www.veduna.si\/hr\/aktivnosti\/veduna-pranicko-bretarijanski-proces-suhi-post\/veduna-suhi-post-pranicki-proces-na-otoku-krku\/#breadcrumb","itemListElement":[{"@type":"ListItem","position":1,"name":"Home","item":"https:\/\/www.veduna.si\/hr\/"},{"@type":"ListItem","position":2,"name":"Aktivnosti","item":"https:\/\/www.veduna.si\/hr\/aktivnosti\/"},{"@type":"ListItem","position":3,"name":"Veduna prani\u010dko-bretarijanski proces (suhi post)","item":"https:\/\/www.veduna.si\/hr\/aktivnosti\/veduna-pranicko-bretarijanski-proces-suhi-post\/"},{"@type":"ListItem","position":4,"name":"VEDUNA SUHI POST (prani\u010dki proces) NA OTOKU KRK"}]},{"@type":"WebSite","@id":"https:\/\/veduna.kreativnatovarna.si\/#website","url":"https:\/\/veduna.kreativnatovarna.si\/","name":"Veduna.si","description":"Slovansko-pitagorejska katedra za razvoj zavesti in harmoniziranje z zvokom","publisher":{"@id":"https:\/\/veduna.kreativnatovarna.si\/#organization"},"potentialAction":[{"@type":"SearchAction","target":{"@type":"EntryPoint","urlTemplate":"https:\/\/veduna.kreativnatovarna.si\/?s={search_term_string}"},"query-input":{"@type":"PropertyValueSpecification","valueRequired":true,"valueName":"search_term_string"}}],"inLanguage":"hr"},{"@type":"Organization","@id":"https:\/\/veduna.kreativnatovarna.si\/#organization","name":"Veduna.si","url":"https:\/\/veduna.kreativnatovarna.si\/","logo":{"@type":"ImageObject","inLanguage":"hr","@id":"https:\/\/veduna.kreativnatovarna.si\/#\/schema\/logo\/image\/","url":"https:\/\/www.veduna.si\/wp-content\/uploads\/2023\/02\/logo-footer.svg","contentUrl":"https:\/\/www.veduna.si\/wp-content\/uploads\/2023\/02\/logo-footer.svg","width":1,"height":1,"caption":"Veduna.si"},"image":{"@id":"https:\/\/veduna.kreativnatovarna.si\/#\/schema\/logo\/image\/"},"sameAs":["https:\/\/www.facebook.com\/KatedraVeduna"]}]}},"_links":{"self":[{"href":"https:\/\/www.veduna.si\/hr\/wp-json\/wp\/v2\/pages\/5542","targetHints":{"allow":["GET"]}}],"collection":[{"href":"https:\/\/www.veduna.si\/hr\/wp-json\/wp\/v2\/pages"}],"about":[{"href":"https:\/\/www.veduna.si\/hr\/wp-json\/wp\/v2\/types\/page"}],"author":[{"embeddable":true,"href":"https:\/\/www.veduna.si\/hr\/wp-json\/wp\/v2\/users\/6"}],"replies":[{"embeddable":true,"href":"https:\/\/www.veduna.si\/hr\/wp-json\/wp\/v2\/comments?post=5542"}],"version-history":[{"count":2,"href":"https:\/\/www.veduna.si\/hr\/wp-json\/wp\/v2\/pages\/5542\/revisions"}],"predecessor-version":[{"id":5929,"href":"https:\/\/www.veduna.si\/hr\/wp-json\/wp\/v2\/pages\/5542\/revisions\/5929"}],"up":[{"embeddable":true,"href":"https:\/\/www.veduna.si\/hr\/wp-json\/wp\/v2\/pages\/5524"}],"wp:featuredmedia":[{"embeddable":true,"href":"https:\/\/www.veduna.si\/hr\/wp-json\/wp\/v2\/media\/5441"}],"wp:attachment":[{"href":"https:\/\/www.veduna.si\/hr\/wp-json\/wp\/v2\/media?parent=5542"}],"curies":[{"name":"wp","href":"https:\/\/api.w.org\/{rel}","templated":true}]}}