{"id":5534,"date":"2024-01-23T13:31:32","date_gmt":"2024-01-23T12:31:32","guid":{"rendered":"https:\/\/www.veduna.si\/aktivnosti\/tecajevi-i-remontni-vikendi-s-boravkom\/veduna-harmonizirajuci-tecaj\/"},"modified":"2025-02-27T10:39:45","modified_gmt":"2025-02-27T09:39:45","slug":"veduna-harmonizirajuci-tecaj","status":"publish","type":"page","link":"https:\/\/www.veduna.si\/hr\/aktivnosti\/tecajevi-i-remontni-vikendi-s-boravkom\/veduna-harmonizirajuci-tecaj\/","title":{"rendered":"Veduna harmoniziraju\u0107i te\u010daj"},"content":{"rendered":"<p>Vode Tine Omerzel Terlep<br \/>\nuz zvukove ansambla Vedun ( Tine, Igor Megli\u010d, Robi Pe\u010denko);<\/p>\n<p><strong>od \u010detvrtka 12. lipnja (od 18.sati) do nedjelje 15. lipnja 2025 dopodne<\/strong><br \/>\nLOTUS Resort and HOMER Center, otok Krk, Hrvatska<\/p>\n<p>&nbsp;<\/p>\n","protected":false},"excerpt":{"rendered":"<p>Vode Tine Omerzel Terlep uz zvukove ansambla Vedun ( Tine, Igor Megli\u010d, Robi Pe\u010denko); od \u010detvrtka 12. lipnja (od 18.sati) do nedjelje 15. lipnja 2025 dopodne LOTUS Resort and HOMER Center, otok Krk, Hrvatska &nbsp;<\/p>\n","protected":false},"author":6,"featured_media":5535,"parent":5523,"menu_order":0,"comment_status":"closed","ping_status":"closed","template":"","meta":{"_acf_changed":false,"footnotes":""},"class_list":["post-5534","page","type-page","status-publish","has-post-thumbnail","hentry"],"acf":[],"yoast_head":"<!-- This site is optimized with the Yoast SEO plugin v27.4 - https:\/\/yoast.com\/product\/yoast-seo-wordpress\/ -->\n<title>Veduna harmoniziraju\u0107i te\u010daj - Veduna<\/title>\n<meta name=\"robots\" content=\"index, follow, max-snippet:-1, max-image-preview:large, max-video-preview:-1\" \/>\n<link rel=\"canonical\" href=\"https:\/\/www.veduna.si\/hr\/aktivnosti\/tecajevi-i-remontni-vikendi-s-boravkom\/veduna-harmonizirajuci-tecaj\/\" \/>\n<meta property=\"og:locale\" content=\"hr_HR\" \/>\n<meta property=\"og:type\" content=\"article\" \/>\n<meta property=\"og:title\" content=\"Veduna harmoniziraju\u0107i te\u010daj - Veduna\" \/>\n<meta property=\"og:description\" content=\"Vode Tine Omerzel Terlep uz zvukove ansambla Vedun ( Tine, Igor Megli\u010d, Robi Pe\u010denko); od \u010detvrtka 12. lipnja (od 18.sati) do nedjelje 15. lipnja 2025 dopodne LOTUS Resort and HOMER Center, otok Krk, Hrvatska &nbsp;\" \/>\n<meta property=\"og:url\" content=\"https:\/\/www.veduna.si\/hr\/aktivnosti\/tecajevi-i-remontni-vikendi-s-boravkom\/veduna-harmonizirajuci-tecaj\/\" \/>\n<meta property=\"og:site_name\" content=\"Veduna\" \/>\n<meta property=\"article:publisher\" content=\"https:\/\/www.facebook.com\/KatedraVeduna\" \/>\n<meta property=\"article:modified_time\" content=\"2025-02-27T09:39:45+00:00\" \/>\n<meta property=\"og:image\" content=\"https:\/\/www.veduna.si\/wp-content\/uploads\/2023\/03\/Lotus-krk-tecaji-veduna-202-1-e1704720062741.jpg\" \/>\n\t<meta property=\"og:image:width\" content=\"979\" \/>\n\t<meta property=\"og:image:height\" content=\"652\" \/>\n\t<meta property=\"og:image:type\" content=\"image\/jpeg\" \/>\n<meta name=\"twitter:card\" content=\"summary_large_image\" \/>\n<meta name=\"twitter:label1\" content=\"Procijenjeno vrijeme \u010ditanja\" \/>\n\t<meta name=\"twitter:data1\" content=\"1 minuta\" \/>\n<script type=\"application\/ld+json\" class=\"yoast-schema-graph\">{\"@context\":\"https:\\\/\\\/schema.org\",\"@graph\":[{\"@type\":\"WebPage\",\"@id\":\"https:\\\/\\\/www.veduna.si\\\/hr\\\/aktivnosti\\\/tecajevi-i-remontni-vikendi-s-boravkom\\\/veduna-harmonizirajuci-tecaj\\\/\",\"url\":\"https:\\\/\\\/www.veduna.si\\\/hr\\\/aktivnosti\\\/tecajevi-i-remontni-vikendi-s-boravkom\\\/veduna-harmonizirajuci-tecaj\\\/\",\"name\":\"Veduna harmoniziraju\u0107i te\u010daj - Veduna\",\"isPartOf\":{\"@id\":\"https:\\\/\\\/veduna.kreativnatovarna.si\\\/#website\"},\"primaryImageOfPage\":{\"@id\":\"https:\\\/\\\/www.veduna.si\\\/hr\\\/aktivnosti\\\/tecajevi-i-remontni-vikendi-s-boravkom\\\/veduna-harmonizirajuci-tecaj\\\/#primaryimage\"},\"image\":{\"@id\":\"https:\\\/\\\/www.veduna.si\\\/hr\\\/aktivnosti\\\/tecajevi-i-remontni-vikendi-s-boravkom\\\/veduna-harmonizirajuci-tecaj\\\/#primaryimage\"},\"thumbnailUrl\":\"https:\\\/\\\/www.veduna.si\\\/wp-content\\\/uploads\\\/2023\\\/03\\\/Lotus-krk-tecaji-veduna-202-1-e1704720062741.jpg\",\"datePublished\":\"2024-01-23T12:31:32+00:00\",\"dateModified\":\"2025-02-27T09:39:45+00:00\",\"breadcrumb\":{\"@id\":\"https:\\\/\\\/www.veduna.si\\\/hr\\\/aktivnosti\\\/tecajevi-i-remontni-vikendi-s-boravkom\\\/veduna-harmonizirajuci-tecaj\\\/#breadcrumb\"},\"inLanguage\":\"hr\",\"potentialAction\":[{\"@type\":\"ReadAction\",\"target\":[\"https:\\\/\\\/www.veduna.si\\\/hr\\\/aktivnosti\\\/tecajevi-i-remontni-vikendi-s-boravkom\\\/veduna-harmonizirajuci-tecaj\\\/\"]}]},{\"@type\":\"ImageObject\",\"inLanguage\":\"hr\",\"@id\":\"https:\\\/\\\/www.veduna.si\\\/hr\\\/aktivnosti\\\/tecajevi-i-remontni-vikendi-s-boravkom\\\/veduna-harmonizirajuci-tecaj\\\/#primaryimage\",\"url\":\"https:\\\/\\\/www.veduna.si\\\/wp-content\\\/uploads\\\/2023\\\/03\\\/Lotus-krk-tecaji-veduna-202-1-e1704720062741.jpg\",\"contentUrl\":\"https:\\\/\\\/www.veduna.si\\\/wp-content\\\/uploads\\\/2023\\\/03\\\/Lotus-krk-tecaji-veduna-202-1-e1704720062741.jpg\",\"width\":979,\"height\":652},{\"@type\":\"BreadcrumbList\",\"@id\":\"https:\\\/\\\/www.veduna.si\\\/hr\\\/aktivnosti\\\/tecajevi-i-remontni-vikendi-s-boravkom\\\/veduna-harmonizirajuci-tecaj\\\/#breadcrumb\",\"itemListElement\":[{\"@type\":\"ListItem\",\"position\":1,\"name\":\"Home\",\"item\":\"https:\\\/\\\/www.veduna.si\\\/hr\\\/\"},{\"@type\":\"ListItem\",\"position\":2,\"name\":\"Aktivnosti\",\"item\":\"https:\\\/\\\/www.veduna.si\\\/hr\\\/aktivnosti\\\/\"},{\"@type\":\"ListItem\",\"position\":3,\"name\":\"Te\u010dajevi s boravkom i remont vikendi\",\"item\":\"https:\\\/\\\/www.veduna.si\\\/hr\\\/aktivnosti\\\/tecajevi-i-remontni-vikendi-s-boravkom\\\/\"},{\"@type\":\"ListItem\",\"position\":4,\"name\":\"Veduna harmoniziraju\u0107i te\u010daj\"}]},{\"@type\":\"WebSite\",\"@id\":\"https:\\\/\\\/veduna.kreativnatovarna.si\\\/#website\",\"url\":\"https:\\\/\\\/veduna.kreativnatovarna.si\\\/\",\"name\":\"Veduna.si\",\"description\":\"Slovansko-pitagorejska katedra za razvoj zavesti in harmoniziranje z zvokom\",\"publisher\":{\"@id\":\"https:\\\/\\\/veduna.kreativnatovarna.si\\\/#organization\"},\"potentialAction\":[{\"@type\":\"SearchAction\",\"target\":{\"@type\":\"EntryPoint\",\"urlTemplate\":\"https:\\\/\\\/veduna.kreativnatovarna.si\\\/?s={search_term_string}\"},\"query-input\":{\"@type\":\"PropertyValueSpecification\",\"valueRequired\":true,\"valueName\":\"search_term_string\"}}],\"inLanguage\":\"hr\"},{\"@type\":\"Organization\",\"@id\":\"https:\\\/\\\/veduna.kreativnatovarna.si\\\/#organization\",\"name\":\"Veduna.si\",\"url\":\"https:\\\/\\\/veduna.kreativnatovarna.si\\\/\",\"logo\":{\"@type\":\"ImageObject\",\"inLanguage\":\"hr\",\"@id\":\"https:\\\/\\\/veduna.kreativnatovarna.si\\\/#\\\/schema\\\/logo\\\/image\\\/\",\"url\":\"https:\\\/\\\/www.veduna.si\\\/wp-content\\\/uploads\\\/2023\\\/02\\\/logo-footer.svg\",\"contentUrl\":\"https:\\\/\\\/www.veduna.si\\\/wp-content\\\/uploads\\\/2023\\\/02\\\/logo-footer.svg\",\"width\":1,\"height\":1,\"caption\":\"Veduna.si\"},\"image\":{\"@id\":\"https:\\\/\\\/veduna.kreativnatovarna.si\\\/#\\\/schema\\\/logo\\\/image\\\/\"},\"sameAs\":[\"https:\\\/\\\/www.facebook.com\\\/KatedraVeduna\"]}]}<\/script>\n<!-- \/ Yoast SEO plugin. -->","yoast_head_json":{"title":"Veduna harmoniziraju\u0107i te\u010daj - Veduna","robots":{"index":"index","follow":"follow","max-snippet":"max-snippet:-1","max-image-preview":"max-image-preview:large","max-video-preview":"max-video-preview:-1"},"canonical":"https:\/\/www.veduna.si\/hr\/aktivnosti\/tecajevi-i-remontni-vikendi-s-boravkom\/veduna-harmonizirajuci-tecaj\/","og_locale":"hr_HR","og_type":"article","og_title":"Veduna harmoniziraju\u0107i te\u010daj - Veduna","og_description":"Vode Tine Omerzel Terlep uz zvukove ansambla Vedun ( Tine, Igor Megli\u010d, Robi Pe\u010denko); od \u010detvrtka 12. lipnja (od 18.sati) do nedjelje 15. lipnja 2025 dopodne LOTUS Resort and HOMER Center, otok Krk, Hrvatska &nbsp;","og_url":"https:\/\/www.veduna.si\/hr\/aktivnosti\/tecajevi-i-remontni-vikendi-s-boravkom\/veduna-harmonizirajuci-tecaj\/","og_site_name":"Veduna","article_publisher":"https:\/\/www.facebook.com\/KatedraVeduna","article_modified_time":"2025-02-27T09:39:45+00:00","og_image":[{"width":979,"height":652,"url":"https:\/\/www.veduna.si\/wp-content\/uploads\/2023\/03\/Lotus-krk-tecaji-veduna-202-1-e1704720062741.jpg","type":"image\/jpeg"}],"twitter_card":"summary_large_image","twitter_misc":{"Procijenjeno vrijeme \u010ditanja":"1 minuta"},"schema":{"@context":"https:\/\/schema.org","@graph":[{"@type":"WebPage","@id":"https:\/\/www.veduna.si\/hr\/aktivnosti\/tecajevi-i-remontni-vikendi-s-boravkom\/veduna-harmonizirajuci-tecaj\/","url":"https:\/\/www.veduna.si\/hr\/aktivnosti\/tecajevi-i-remontni-vikendi-s-boravkom\/veduna-harmonizirajuci-tecaj\/","name":"Veduna harmoniziraju\u0107i te\u010daj - Veduna","isPartOf":{"@id":"https:\/\/veduna.kreativnatovarna.si\/#website"},"primaryImageOfPage":{"@id":"https:\/\/www.veduna.si\/hr\/aktivnosti\/tecajevi-i-remontni-vikendi-s-boravkom\/veduna-harmonizirajuci-tecaj\/#primaryimage"},"image":{"@id":"https:\/\/www.veduna.si\/hr\/aktivnosti\/tecajevi-i-remontni-vikendi-s-boravkom\/veduna-harmonizirajuci-tecaj\/#primaryimage"},"thumbnailUrl":"https:\/\/www.veduna.si\/wp-content\/uploads\/2023\/03\/Lotus-krk-tecaji-veduna-202-1-e1704720062741.jpg","datePublished":"2024-01-23T12:31:32+00:00","dateModified":"2025-02-27T09:39:45+00:00","breadcrumb":{"@id":"https:\/\/www.veduna.si\/hr\/aktivnosti\/tecajevi-i-remontni-vikendi-s-boravkom\/veduna-harmonizirajuci-tecaj\/#breadcrumb"},"inLanguage":"hr","potentialAction":[{"@type":"ReadAction","target":["https:\/\/www.veduna.si\/hr\/aktivnosti\/tecajevi-i-remontni-vikendi-s-boravkom\/veduna-harmonizirajuci-tecaj\/"]}]},{"@type":"ImageObject","inLanguage":"hr","@id":"https:\/\/www.veduna.si\/hr\/aktivnosti\/tecajevi-i-remontni-vikendi-s-boravkom\/veduna-harmonizirajuci-tecaj\/#primaryimage","url":"https:\/\/www.veduna.si\/wp-content\/uploads\/2023\/03\/Lotus-krk-tecaji-veduna-202-1-e1704720062741.jpg","contentUrl":"https:\/\/www.veduna.si\/wp-content\/uploads\/2023\/03\/Lotus-krk-tecaji-veduna-202-1-e1704720062741.jpg","width":979,"height":652},{"@type":"BreadcrumbList","@id":"https:\/\/www.veduna.si\/hr\/aktivnosti\/tecajevi-i-remontni-vikendi-s-boravkom\/veduna-harmonizirajuci-tecaj\/#breadcrumb","itemListElement":[{"@type":"ListItem","position":1,"name":"Home","item":"https:\/\/www.veduna.si\/hr\/"},{"@type":"ListItem","position":2,"name":"Aktivnosti","item":"https:\/\/www.veduna.si\/hr\/aktivnosti\/"},{"@type":"ListItem","position":3,"name":"Te\u010dajevi s boravkom i remont vikendi","item":"https:\/\/www.veduna.si\/hr\/aktivnosti\/tecajevi-i-remontni-vikendi-s-boravkom\/"},{"@type":"ListItem","position":4,"name":"Veduna harmoniziraju\u0107i te\u010daj"}]},{"@type":"WebSite","@id":"https:\/\/veduna.kreativnatovarna.si\/#website","url":"https:\/\/veduna.kreativnatovarna.si\/","name":"Veduna.si","description":"Slovansko-pitagorejska katedra za razvoj zavesti in harmoniziranje z zvokom","publisher":{"@id":"https:\/\/veduna.kreativnatovarna.si\/#organization"},"potentialAction":[{"@type":"SearchAction","target":{"@type":"EntryPoint","urlTemplate":"https:\/\/veduna.kreativnatovarna.si\/?s={search_term_string}"},"query-input":{"@type":"PropertyValueSpecification","valueRequired":true,"valueName":"search_term_string"}}],"inLanguage":"hr"},{"@type":"Organization","@id":"https:\/\/veduna.kreativnatovarna.si\/#organization","name":"Veduna.si","url":"https:\/\/veduna.kreativnatovarna.si\/","logo":{"@type":"ImageObject","inLanguage":"hr","@id":"https:\/\/veduna.kreativnatovarna.si\/#\/schema\/logo\/image\/","url":"https:\/\/www.veduna.si\/wp-content\/uploads\/2023\/02\/logo-footer.svg","contentUrl":"https:\/\/www.veduna.si\/wp-content\/uploads\/2023\/02\/logo-footer.svg","width":1,"height":1,"caption":"Veduna.si"},"image":{"@id":"https:\/\/veduna.kreativnatovarna.si\/#\/schema\/logo\/image\/"},"sameAs":["https:\/\/www.facebook.com\/KatedraVeduna"]}]}},"_links":{"self":[{"href":"https:\/\/www.veduna.si\/hr\/wp-json\/wp\/v2\/pages\/5534","targetHints":{"allow":["GET"]}}],"collection":[{"href":"https:\/\/www.veduna.si\/hr\/wp-json\/wp\/v2\/pages"}],"about":[{"href":"https:\/\/www.veduna.si\/hr\/wp-json\/wp\/v2\/types\/page"}],"author":[{"embeddable":true,"href":"https:\/\/www.veduna.si\/hr\/wp-json\/wp\/v2\/users\/6"}],"replies":[{"embeddable":true,"href":"https:\/\/www.veduna.si\/hr\/wp-json\/wp\/v2\/comments?post=5534"}],"version-history":[{"count":7,"href":"https:\/\/www.veduna.si\/hr\/wp-json\/wp\/v2\/pages\/5534\/revisions"}],"predecessor-version":[{"id":6743,"href":"https:\/\/www.veduna.si\/hr\/wp-json\/wp\/v2\/pages\/5534\/revisions\/6743"}],"up":[{"embeddable":true,"href":"https:\/\/www.veduna.si\/hr\/wp-json\/wp\/v2\/pages\/5523"}],"wp:featuredmedia":[{"embeddable":true,"href":"https:\/\/www.veduna.si\/hr\/wp-json\/wp\/v2\/media\/5535"}],"wp:attachment":[{"href":"https:\/\/www.veduna.si\/hr\/wp-json\/wp\/v2\/media?parent=5534"}],"curies":[{"name":"wp","href":"https:\/\/api.w.org\/{rel}","templated":true}]}}