{"id":5527,"date":"2024-01-23T13:29:30","date_gmt":"2024-01-23T12:29:30","guid":{"rendered":"https:\/\/www.veduna.si\/aktivnosti\/transcendencija-svijesti-i-zvuka\/"},"modified":"2024-03-28T12:57:08","modified_gmt":"2024-03-28T11:57:08","slug":"transcendencija-svijesti-i-zvuka","status":"publish","type":"page","link":"https:\/\/www.veduna.si\/hr\/aktivnosti\/transcendencija-svijesti-i-zvuka\/","title":{"rendered":"Transcendencija svijesti i zvuka"},"content":{"rendered":"<p>Materijalni i nematerijalni svijet sastoji se od frekvencija. Ali datost zvuka je mnogo, mnogo vi\u0161e. Zvuk je alkemija frekvencija i njihovih energija, alat za iscjeljivanje suptilnih tijela duha i fizi\u010dkog tijela te alat za podizanje svijesti i senzibilizaciju osjetila. Na nas utje\u010de svjesno i nesvjesno.<br \/>\nUz zvuk (rezonanciju) mo\u017eemo se sastaviti u skladnu cjelinu i uskladiti s prirodnim ritmovima, a zbog disharmonije mo\u017eemo se razboljeti.<\/p>\n","protected":false},"excerpt":{"rendered":"<p>Materijalni i nematerijalni svijet sastoji se od frekvencija. Ali datost zvuka je mnogo, mnogo vi\u0161e. Zvuk je alkemija frekvencija i njihovih energija, alat za iscjeljivanje suptilnih tijela duha i fizi\u010dkog tijela te alat za podizanje svijesti i senzibilizaciju osjetila. Na nas utje\u010de svjesno i nesvjesno. Uz zvuk (rezonanciju) mo\u017eemo se sastaviti u skladnu cjelinu i &#8230; <\/p>\n","protected":false},"author":1,"featured_media":5442,"parent":5435,"menu_order":0,"comment_status":"closed","ping_status":"closed","template":"","meta":{"_acf_changed":false,"footnotes":""},"class_list":["post-5527","page","type-page","status-publish","has-post-thumbnail","hentry"],"acf":[],"yoast_head":"<!-- This site is optimized with the Yoast SEO plugin v27.4 - https:\/\/yoast.com\/product\/yoast-seo-wordpress\/ -->\n<title>Transcendencija svijesti i zvuka - Veduna<\/title>\n<meta name=\"robots\" content=\"index, follow, max-snippet:-1, max-image-preview:large, max-video-preview:-1\" \/>\n<link rel=\"canonical\" href=\"https:\/\/www.veduna.si\/hr\/aktivnosti\/transcendencija-svijesti-i-zvuka\/\" \/>\n<meta property=\"og:locale\" content=\"hr_HR\" \/>\n<meta property=\"og:type\" content=\"article\" \/>\n<meta property=\"og:title\" content=\"Transcendencija svijesti i zvuka - Veduna\" \/>\n<meta property=\"og:description\" content=\"Materijalni i nematerijalni svijet sastoji se od frekvencija. Ali datost zvuka je mnogo, mnogo vi\u0161e. Zvuk je alkemija frekvencija i njihovih energija, alat za iscjeljivanje suptilnih tijela duha i fizi\u010dkog tijela te alat za podizanje svijesti i senzibilizaciju osjetila. Na nas utje\u010de svjesno i nesvjesno. Uz zvuk (rezonanciju) mo\u017eemo se sastaviti u skladnu cjelinu i ...\" \/>\n<meta property=\"og:url\" content=\"https:\/\/www.veduna.si\/hr\/aktivnosti\/transcendencija-svijesti-i-zvuka\/\" \/>\n<meta property=\"og:site_name\" content=\"Veduna\" \/>\n<meta property=\"article:publisher\" content=\"https:\/\/www.facebook.com\/KatedraVeduna\" \/>\n<meta property=\"article:modified_time\" content=\"2024-03-28T11:57:08+00:00\" \/>\n<meta property=\"og:image\" content=\"https:\/\/www.veduna.si\/wp-content\/uploads\/2023\/02\/6a.jpg\" \/>\n\t<meta property=\"og:image:width\" content=\"456\" \/>\n\t<meta property=\"og:image:height\" content=\"319\" \/>\n\t<meta property=\"og:image:type\" content=\"image\/jpeg\" \/>\n<meta name=\"twitter:card\" content=\"summary_large_image\" \/>\n<script type=\"application\/ld+json\" class=\"yoast-schema-graph\">{\"@context\":\"https:\\\/\\\/schema.org\",\"@graph\":[{\"@type\":\"WebPage\",\"@id\":\"https:\\\/\\\/www.veduna.si\\\/hr\\\/aktivnosti\\\/transcendencija-svijesti-i-zvuka\\\/\",\"url\":\"https:\\\/\\\/www.veduna.si\\\/hr\\\/aktivnosti\\\/transcendencija-svijesti-i-zvuka\\\/\",\"name\":\"Transcendencija svijesti i zvuka - Veduna\",\"isPartOf\":{\"@id\":\"https:\\\/\\\/veduna.kreativnatovarna.si\\\/#website\"},\"primaryImageOfPage\":{\"@id\":\"https:\\\/\\\/www.veduna.si\\\/hr\\\/aktivnosti\\\/transcendencija-svijesti-i-zvuka\\\/#primaryimage\"},\"image\":{\"@id\":\"https:\\\/\\\/www.veduna.si\\\/hr\\\/aktivnosti\\\/transcendencija-svijesti-i-zvuka\\\/#primaryimage\"},\"thumbnailUrl\":\"https:\\\/\\\/www.veduna.si\\\/wp-content\\\/uploads\\\/2023\\\/02\\\/6a.jpg\",\"datePublished\":\"2024-01-23T12:29:30+00:00\",\"dateModified\":\"2024-03-28T11:57:08+00:00\",\"breadcrumb\":{\"@id\":\"https:\\\/\\\/www.veduna.si\\\/hr\\\/aktivnosti\\\/transcendencija-svijesti-i-zvuka\\\/#breadcrumb\"},\"inLanguage\":\"hr\",\"potentialAction\":[{\"@type\":\"ReadAction\",\"target\":[\"https:\\\/\\\/www.veduna.si\\\/hr\\\/aktivnosti\\\/transcendencija-svijesti-i-zvuka\\\/\"]}]},{\"@type\":\"ImageObject\",\"inLanguage\":\"hr\",\"@id\":\"https:\\\/\\\/www.veduna.si\\\/hr\\\/aktivnosti\\\/transcendencija-svijesti-i-zvuka\\\/#primaryimage\",\"url\":\"https:\\\/\\\/www.veduna.si\\\/wp-content\\\/uploads\\\/2023\\\/02\\\/6a.jpg\",\"contentUrl\":\"https:\\\/\\\/www.veduna.si\\\/wp-content\\\/uploads\\\/2023\\\/02\\\/6a.jpg\",\"width\":456,\"height\":319},{\"@type\":\"BreadcrumbList\",\"@id\":\"https:\\\/\\\/www.veduna.si\\\/hr\\\/aktivnosti\\\/transcendencija-svijesti-i-zvuka\\\/#breadcrumb\",\"itemListElement\":[{\"@type\":\"ListItem\",\"position\":1,\"name\":\"Home\",\"item\":\"https:\\\/\\\/www.veduna.si\\\/hr\\\/\"},{\"@type\":\"ListItem\",\"position\":2,\"name\":\"Aktivnosti\",\"item\":\"https:\\\/\\\/www.veduna.si\\\/hr\\\/aktivnosti\\\/\"},{\"@type\":\"ListItem\",\"position\":3,\"name\":\"Transcendencija svijesti i zvuka\"}]},{\"@type\":\"WebSite\",\"@id\":\"https:\\\/\\\/veduna.kreativnatovarna.si\\\/#website\",\"url\":\"https:\\\/\\\/veduna.kreativnatovarna.si\\\/\",\"name\":\"Veduna.si\",\"description\":\"Slovansko-pitagorejska katedra za razvoj zavesti in harmoniziranje z zvokom\",\"publisher\":{\"@id\":\"https:\\\/\\\/veduna.kreativnatovarna.si\\\/#organization\"},\"potentialAction\":[{\"@type\":\"SearchAction\",\"target\":{\"@type\":\"EntryPoint\",\"urlTemplate\":\"https:\\\/\\\/veduna.kreativnatovarna.si\\\/?s={search_term_string}\"},\"query-input\":{\"@type\":\"PropertyValueSpecification\",\"valueRequired\":true,\"valueName\":\"search_term_string\"}}],\"inLanguage\":\"hr\"},{\"@type\":\"Organization\",\"@id\":\"https:\\\/\\\/veduna.kreativnatovarna.si\\\/#organization\",\"name\":\"Veduna.si\",\"url\":\"https:\\\/\\\/veduna.kreativnatovarna.si\\\/\",\"logo\":{\"@type\":\"ImageObject\",\"inLanguage\":\"hr\",\"@id\":\"https:\\\/\\\/veduna.kreativnatovarna.si\\\/#\\\/schema\\\/logo\\\/image\\\/\",\"url\":\"https:\\\/\\\/www.veduna.si\\\/wp-content\\\/uploads\\\/2023\\\/02\\\/logo-footer.svg\",\"contentUrl\":\"https:\\\/\\\/www.veduna.si\\\/wp-content\\\/uploads\\\/2023\\\/02\\\/logo-footer.svg\",\"width\":1,\"height\":1,\"caption\":\"Veduna.si\"},\"image\":{\"@id\":\"https:\\\/\\\/veduna.kreativnatovarna.si\\\/#\\\/schema\\\/logo\\\/image\\\/\"},\"sameAs\":[\"https:\\\/\\\/www.facebook.com\\\/KatedraVeduna\"]}]}<\/script>\n<!-- \/ Yoast SEO plugin. -->","yoast_head_json":{"title":"Transcendencija svijesti i zvuka - Veduna","robots":{"index":"index","follow":"follow","max-snippet":"max-snippet:-1","max-image-preview":"max-image-preview:large","max-video-preview":"max-video-preview:-1"},"canonical":"https:\/\/www.veduna.si\/hr\/aktivnosti\/transcendencija-svijesti-i-zvuka\/","og_locale":"hr_HR","og_type":"article","og_title":"Transcendencija svijesti i zvuka - Veduna","og_description":"Materijalni i nematerijalni svijet sastoji se od frekvencija. Ali datost zvuka je mnogo, mnogo vi\u0161e. Zvuk je alkemija frekvencija i njihovih energija, alat za iscjeljivanje suptilnih tijela duha i fizi\u010dkog tijela te alat za podizanje svijesti i senzibilizaciju osjetila. Na nas utje\u010de svjesno i nesvjesno. Uz zvuk (rezonanciju) mo\u017eemo se sastaviti u skladnu cjelinu i ...","og_url":"https:\/\/www.veduna.si\/hr\/aktivnosti\/transcendencija-svijesti-i-zvuka\/","og_site_name":"Veduna","article_publisher":"https:\/\/www.facebook.com\/KatedraVeduna","article_modified_time":"2024-03-28T11:57:08+00:00","og_image":[{"width":456,"height":319,"url":"https:\/\/www.veduna.si\/wp-content\/uploads\/2023\/02\/6a.jpg","type":"image\/jpeg"}],"twitter_card":"summary_large_image","schema":{"@context":"https:\/\/schema.org","@graph":[{"@type":"WebPage","@id":"https:\/\/www.veduna.si\/hr\/aktivnosti\/transcendencija-svijesti-i-zvuka\/","url":"https:\/\/www.veduna.si\/hr\/aktivnosti\/transcendencija-svijesti-i-zvuka\/","name":"Transcendencija svijesti i zvuka - Veduna","isPartOf":{"@id":"https:\/\/veduna.kreativnatovarna.si\/#website"},"primaryImageOfPage":{"@id":"https:\/\/www.veduna.si\/hr\/aktivnosti\/transcendencija-svijesti-i-zvuka\/#primaryimage"},"image":{"@id":"https:\/\/www.veduna.si\/hr\/aktivnosti\/transcendencija-svijesti-i-zvuka\/#primaryimage"},"thumbnailUrl":"https:\/\/www.veduna.si\/wp-content\/uploads\/2023\/02\/6a.jpg","datePublished":"2024-01-23T12:29:30+00:00","dateModified":"2024-03-28T11:57:08+00:00","breadcrumb":{"@id":"https:\/\/www.veduna.si\/hr\/aktivnosti\/transcendencija-svijesti-i-zvuka\/#breadcrumb"},"inLanguage":"hr","potentialAction":[{"@type":"ReadAction","target":["https:\/\/www.veduna.si\/hr\/aktivnosti\/transcendencija-svijesti-i-zvuka\/"]}]},{"@type":"ImageObject","inLanguage":"hr","@id":"https:\/\/www.veduna.si\/hr\/aktivnosti\/transcendencija-svijesti-i-zvuka\/#primaryimage","url":"https:\/\/www.veduna.si\/wp-content\/uploads\/2023\/02\/6a.jpg","contentUrl":"https:\/\/www.veduna.si\/wp-content\/uploads\/2023\/02\/6a.jpg","width":456,"height":319},{"@type":"BreadcrumbList","@id":"https:\/\/www.veduna.si\/hr\/aktivnosti\/transcendencija-svijesti-i-zvuka\/#breadcrumb","itemListElement":[{"@type":"ListItem","position":1,"name":"Home","item":"https:\/\/www.veduna.si\/hr\/"},{"@type":"ListItem","position":2,"name":"Aktivnosti","item":"https:\/\/www.veduna.si\/hr\/aktivnosti\/"},{"@type":"ListItem","position":3,"name":"Transcendencija svijesti i zvuka"}]},{"@type":"WebSite","@id":"https:\/\/veduna.kreativnatovarna.si\/#website","url":"https:\/\/veduna.kreativnatovarna.si\/","name":"Veduna.si","description":"Slovansko-pitagorejska katedra za razvoj zavesti in harmoniziranje z zvokom","publisher":{"@id":"https:\/\/veduna.kreativnatovarna.si\/#organization"},"potentialAction":[{"@type":"SearchAction","target":{"@type":"EntryPoint","urlTemplate":"https:\/\/veduna.kreativnatovarna.si\/?s={search_term_string}"},"query-input":{"@type":"PropertyValueSpecification","valueRequired":true,"valueName":"search_term_string"}}],"inLanguage":"hr"},{"@type":"Organization","@id":"https:\/\/veduna.kreativnatovarna.si\/#organization","name":"Veduna.si","url":"https:\/\/veduna.kreativnatovarna.si\/","logo":{"@type":"ImageObject","inLanguage":"hr","@id":"https:\/\/veduna.kreativnatovarna.si\/#\/schema\/logo\/image\/","url":"https:\/\/www.veduna.si\/wp-content\/uploads\/2023\/02\/logo-footer.svg","contentUrl":"https:\/\/www.veduna.si\/wp-content\/uploads\/2023\/02\/logo-footer.svg","width":1,"height":1,"caption":"Veduna.si"},"image":{"@id":"https:\/\/veduna.kreativnatovarna.si\/#\/schema\/logo\/image\/"},"sameAs":["https:\/\/www.facebook.com\/KatedraVeduna"]}]}},"_links":{"self":[{"href":"https:\/\/www.veduna.si\/hr\/wp-json\/wp\/v2\/pages\/5527","targetHints":{"allow":["GET"]}}],"collection":[{"href":"https:\/\/www.veduna.si\/hr\/wp-json\/wp\/v2\/pages"}],"about":[{"href":"https:\/\/www.veduna.si\/hr\/wp-json\/wp\/v2\/types\/page"}],"author":[{"embeddable":true,"href":"https:\/\/www.veduna.si\/hr\/wp-json\/wp\/v2\/users\/1"}],"replies":[{"embeddable":true,"href":"https:\/\/www.veduna.si\/hr\/wp-json\/wp\/v2\/comments?post=5527"}],"version-history":[{"count":1,"href":"https:\/\/www.veduna.si\/hr\/wp-json\/wp\/v2\/pages\/5527\/revisions"}],"predecessor-version":[{"id":5822,"href":"https:\/\/www.veduna.si\/hr\/wp-json\/wp\/v2\/pages\/5527\/revisions\/5822"}],"up":[{"embeddable":true,"href":"https:\/\/www.veduna.si\/hr\/wp-json\/wp\/v2\/pages\/5435"}],"wp:featuredmedia":[{"embeddable":true,"href":"https:\/\/www.veduna.si\/hr\/wp-json\/wp\/v2\/media\/5442"}],"wp:attachment":[{"href":"https:\/\/www.veduna.si\/hr\/wp-json\/wp\/v2\/media?parent=5527"}],"curies":[{"name":"wp","href":"https:\/\/api.w.org\/{rel}","templated":true}]}}