{"id":5435,"date":"2023-02-13T11:23:40","date_gmt":"2023-02-13T10:23:40","guid":{"rendered":"https:\/\/www.veduna.si\/aktivnosti\/"},"modified":"2025-02-27T09:51:34","modified_gmt":"2025-02-27T08:51:34","slug":"aktivnosti","status":"publish","type":"page","link":"https:\/\/www.veduna.si\/hr\/aktivnosti\/","title":{"rendered":"Aktivnosti"},"content":{"rendered":"<p>\u2026 uspostavljanjem kontakta s univerzalnom \u017eivotnom energijom i kozmi\u010dkom inteligencijom, s na\u0161im duhovnim vodstvom i transcendentalnim zvukom, invokacijom (zazivanjem) Majstora u\u010ditelja univerzuma (za harmoniziranje, lije\u010denje, \u0161irenje svijesti o na\u0161oj biti); put kroz pojedine faze s inicijacijama,<\/p>\n<p>zvukom i aktivacijom svjetlosno-zvu\u010dnih kodova za protok visokofrekventnih univerzalnih vitalnih energija ili put kroz tzv. kozmi\u010dke inicijacije&#8230;<\/p>\n","protected":false},"excerpt":{"rendered":"<p>\u2026 uspostavljanjem kontakta s univerzalnom \u017eivotnom energijom i kozmi\u010dkom inteligencijom, s na\u0161im duhovnim vodstvom i transcendentalnim zvukom, invokacijom (zazivanjem) Majstora u\u010ditelja univerzuma (za harmoniziranje, lije\u010denje, \u0161irenje svijesti o na\u0161oj biti); put kroz pojedine faze s inicijacijama, zvukom i aktivacijom svjetlosno-zvu\u010dnih kodova za protok visokofrekventnih univerzalnih vitalnih energija ili put kroz tzv. kozmi\u010dke inicijacije&#8230;<\/p>\n","protected":false},"author":1,"featured_media":5436,"parent":0,"menu_order":0,"comment_status":"closed","ping_status":"closed","template":"","meta":{"_acf_changed":false,"footnotes":""},"class_list":["post-5435","page","type-page","status-publish","has-post-thumbnail","hentry"],"acf":[],"yoast_head":"<!-- This site is optimized with the Yoast SEO plugin v27.4 - https:\/\/yoast.com\/product\/yoast-seo-wordpress\/ -->\n<title>Aktivnosti - Veduna<\/title>\n<meta name=\"robots\" content=\"index, follow, max-snippet:-1, max-image-preview:large, max-video-preview:-1\" \/>\n<link rel=\"canonical\" href=\"https:\/\/www.veduna.si\/hr\/aktivnosti\/\" \/>\n<meta property=\"og:locale\" content=\"hr_HR\" \/>\n<meta property=\"og:type\" content=\"article\" \/>\n<meta property=\"og:title\" content=\"Aktivnosti - Veduna\" \/>\n<meta property=\"og:description\" content=\"\u2026 uspostavljanjem kontakta s univerzalnom \u017eivotnom energijom i kozmi\u010dkom inteligencijom, s na\u0161im duhovnim vodstvom i transcendentalnim zvukom, invokacijom (zazivanjem) Majstora u\u010ditelja univerzuma (za harmoniziranje, lije\u010denje, \u0161irenje svijesti o na\u0161oj biti); put kroz pojedine faze s inicijacijama, zvukom i aktivacijom svjetlosno-zvu\u010dnih kodova za protok visokofrekventnih univerzalnih vitalnih energija ili put kroz tzv. kozmi\u010dke inicijacije&#8230;\" \/>\n<meta property=\"og:url\" content=\"https:\/\/www.veduna.si\/hr\/aktivnosti\/\" \/>\n<meta property=\"og:site_name\" content=\"Veduna\" \/>\n<meta property=\"article:publisher\" content=\"https:\/\/www.facebook.com\/KatedraVeduna\" \/>\n<meta property=\"article:modified_time\" content=\"2025-02-27T08:51:34+00:00\" \/>\n<meta property=\"og:image\" content=\"https:\/\/www.veduna.si\/wp-content\/uploads\/2023\/02\/dejavnosti.jpg\" \/>\n\t<meta property=\"og:image:width\" content=\"640\" \/>\n\t<meta property=\"og:image:height\" content=\"427\" \/>\n\t<meta property=\"og:image:type\" content=\"image\/jpeg\" \/>\n<meta name=\"twitter:card\" content=\"summary_large_image\" \/>\n<meta name=\"twitter:label1\" content=\"Procijenjeno vrijeme \u010ditanja\" \/>\n\t<meta name=\"twitter:data1\" content=\"1 minuta\" \/>\n<script type=\"application\/ld+json\" class=\"yoast-schema-graph\">{\"@context\":\"https:\\\/\\\/schema.org\",\"@graph\":[{\"@type\":\"WebPage\",\"@id\":\"https:\\\/\\\/www.veduna.si\\\/hr\\\/aktivnosti\\\/\",\"url\":\"https:\\\/\\\/www.veduna.si\\\/hr\\\/aktivnosti\\\/\",\"name\":\"Aktivnosti - Veduna\",\"isPartOf\":{\"@id\":\"https:\\\/\\\/veduna.kreativnatovarna.si\\\/#website\"},\"primaryImageOfPage\":{\"@id\":\"https:\\\/\\\/www.veduna.si\\\/hr\\\/aktivnosti\\\/#primaryimage\"},\"image\":{\"@id\":\"https:\\\/\\\/www.veduna.si\\\/hr\\\/aktivnosti\\\/#primaryimage\"},\"thumbnailUrl\":\"https:\\\/\\\/www.veduna.si\\\/wp-content\\\/uploads\\\/2023\\\/02\\\/dejavnosti.jpg\",\"datePublished\":\"2023-02-13T10:23:40+00:00\",\"dateModified\":\"2025-02-27T08:51:34+00:00\",\"breadcrumb\":{\"@id\":\"https:\\\/\\\/www.veduna.si\\\/hr\\\/aktivnosti\\\/#breadcrumb\"},\"inLanguage\":\"hr\",\"potentialAction\":[{\"@type\":\"ReadAction\",\"target\":[\"https:\\\/\\\/www.veduna.si\\\/hr\\\/aktivnosti\\\/\"]}]},{\"@type\":\"ImageObject\",\"inLanguage\":\"hr\",\"@id\":\"https:\\\/\\\/www.veduna.si\\\/hr\\\/aktivnosti\\\/#primaryimage\",\"url\":\"https:\\\/\\\/www.veduna.si\\\/wp-content\\\/uploads\\\/2023\\\/02\\\/dejavnosti.jpg\",\"contentUrl\":\"https:\\\/\\\/www.veduna.si\\\/wp-content\\\/uploads\\\/2023\\\/02\\\/dejavnosti.jpg\",\"width\":640,\"height\":427},{\"@type\":\"BreadcrumbList\",\"@id\":\"https:\\\/\\\/www.veduna.si\\\/hr\\\/aktivnosti\\\/#breadcrumb\",\"itemListElement\":[{\"@type\":\"ListItem\",\"position\":1,\"name\":\"Home\",\"item\":\"https:\\\/\\\/www.veduna.si\\\/hr\\\/\"},{\"@type\":\"ListItem\",\"position\":2,\"name\":\"Aktivnosti\"}]},{\"@type\":\"WebSite\",\"@id\":\"https:\\\/\\\/veduna.kreativnatovarna.si\\\/#website\",\"url\":\"https:\\\/\\\/veduna.kreativnatovarna.si\\\/\",\"name\":\"Veduna.si\",\"description\":\"Slovansko-pitagorejska katedra za razvoj zavesti in harmoniziranje z zvokom\",\"publisher\":{\"@id\":\"https:\\\/\\\/veduna.kreativnatovarna.si\\\/#organization\"},\"potentialAction\":[{\"@type\":\"SearchAction\",\"target\":{\"@type\":\"EntryPoint\",\"urlTemplate\":\"https:\\\/\\\/veduna.kreativnatovarna.si\\\/?s={search_term_string}\"},\"query-input\":{\"@type\":\"PropertyValueSpecification\",\"valueRequired\":true,\"valueName\":\"search_term_string\"}}],\"inLanguage\":\"hr\"},{\"@type\":\"Organization\",\"@id\":\"https:\\\/\\\/veduna.kreativnatovarna.si\\\/#organization\",\"name\":\"Veduna.si\",\"url\":\"https:\\\/\\\/veduna.kreativnatovarna.si\\\/\",\"logo\":{\"@type\":\"ImageObject\",\"inLanguage\":\"hr\",\"@id\":\"https:\\\/\\\/veduna.kreativnatovarna.si\\\/#\\\/schema\\\/logo\\\/image\\\/\",\"url\":\"https:\\\/\\\/www.veduna.si\\\/wp-content\\\/uploads\\\/2023\\\/02\\\/logo-footer.svg\",\"contentUrl\":\"https:\\\/\\\/www.veduna.si\\\/wp-content\\\/uploads\\\/2023\\\/02\\\/logo-footer.svg\",\"width\":1,\"height\":1,\"caption\":\"Veduna.si\"},\"image\":{\"@id\":\"https:\\\/\\\/veduna.kreativnatovarna.si\\\/#\\\/schema\\\/logo\\\/image\\\/\"},\"sameAs\":[\"https:\\\/\\\/www.facebook.com\\\/KatedraVeduna\"]}]}<\/script>\n<!-- \/ Yoast SEO plugin. -->","yoast_head_json":{"title":"Aktivnosti - Veduna","robots":{"index":"index","follow":"follow","max-snippet":"max-snippet:-1","max-image-preview":"max-image-preview:large","max-video-preview":"max-video-preview:-1"},"canonical":"https:\/\/www.veduna.si\/hr\/aktivnosti\/","og_locale":"hr_HR","og_type":"article","og_title":"Aktivnosti - Veduna","og_description":"\u2026 uspostavljanjem kontakta s univerzalnom \u017eivotnom energijom i kozmi\u010dkom inteligencijom, s na\u0161im duhovnim vodstvom i transcendentalnim zvukom, invokacijom (zazivanjem) Majstora u\u010ditelja univerzuma (za harmoniziranje, lije\u010denje, \u0161irenje svijesti o na\u0161oj biti); put kroz pojedine faze s inicijacijama, zvukom i aktivacijom svjetlosno-zvu\u010dnih kodova za protok visokofrekventnih univerzalnih vitalnih energija ili put kroz tzv. kozmi\u010dke inicijacije&#8230;","og_url":"https:\/\/www.veduna.si\/hr\/aktivnosti\/","og_site_name":"Veduna","article_publisher":"https:\/\/www.facebook.com\/KatedraVeduna","article_modified_time":"2025-02-27T08:51:34+00:00","og_image":[{"width":640,"height":427,"url":"https:\/\/www.veduna.si\/wp-content\/uploads\/2023\/02\/dejavnosti.jpg","type":"image\/jpeg"}],"twitter_card":"summary_large_image","twitter_misc":{"Procijenjeno vrijeme \u010ditanja":"1 minuta"},"schema":{"@context":"https:\/\/schema.org","@graph":[{"@type":"WebPage","@id":"https:\/\/www.veduna.si\/hr\/aktivnosti\/","url":"https:\/\/www.veduna.si\/hr\/aktivnosti\/","name":"Aktivnosti - Veduna","isPartOf":{"@id":"https:\/\/veduna.kreativnatovarna.si\/#website"},"primaryImageOfPage":{"@id":"https:\/\/www.veduna.si\/hr\/aktivnosti\/#primaryimage"},"image":{"@id":"https:\/\/www.veduna.si\/hr\/aktivnosti\/#primaryimage"},"thumbnailUrl":"https:\/\/www.veduna.si\/wp-content\/uploads\/2023\/02\/dejavnosti.jpg","datePublished":"2023-02-13T10:23:40+00:00","dateModified":"2025-02-27T08:51:34+00:00","breadcrumb":{"@id":"https:\/\/www.veduna.si\/hr\/aktivnosti\/#breadcrumb"},"inLanguage":"hr","potentialAction":[{"@type":"ReadAction","target":["https:\/\/www.veduna.si\/hr\/aktivnosti\/"]}]},{"@type":"ImageObject","inLanguage":"hr","@id":"https:\/\/www.veduna.si\/hr\/aktivnosti\/#primaryimage","url":"https:\/\/www.veduna.si\/wp-content\/uploads\/2023\/02\/dejavnosti.jpg","contentUrl":"https:\/\/www.veduna.si\/wp-content\/uploads\/2023\/02\/dejavnosti.jpg","width":640,"height":427},{"@type":"BreadcrumbList","@id":"https:\/\/www.veduna.si\/hr\/aktivnosti\/#breadcrumb","itemListElement":[{"@type":"ListItem","position":1,"name":"Home","item":"https:\/\/www.veduna.si\/hr\/"},{"@type":"ListItem","position":2,"name":"Aktivnosti"}]},{"@type":"WebSite","@id":"https:\/\/veduna.kreativnatovarna.si\/#website","url":"https:\/\/veduna.kreativnatovarna.si\/","name":"Veduna.si","description":"Slovansko-pitagorejska katedra za razvoj zavesti in harmoniziranje z zvokom","publisher":{"@id":"https:\/\/veduna.kreativnatovarna.si\/#organization"},"potentialAction":[{"@type":"SearchAction","target":{"@type":"EntryPoint","urlTemplate":"https:\/\/veduna.kreativnatovarna.si\/?s={search_term_string}"},"query-input":{"@type":"PropertyValueSpecification","valueRequired":true,"valueName":"search_term_string"}}],"inLanguage":"hr"},{"@type":"Organization","@id":"https:\/\/veduna.kreativnatovarna.si\/#organization","name":"Veduna.si","url":"https:\/\/veduna.kreativnatovarna.si\/","logo":{"@type":"ImageObject","inLanguage":"hr","@id":"https:\/\/veduna.kreativnatovarna.si\/#\/schema\/logo\/image\/","url":"https:\/\/www.veduna.si\/wp-content\/uploads\/2023\/02\/logo-footer.svg","contentUrl":"https:\/\/www.veduna.si\/wp-content\/uploads\/2023\/02\/logo-footer.svg","width":1,"height":1,"caption":"Veduna.si"},"image":{"@id":"https:\/\/veduna.kreativnatovarna.si\/#\/schema\/logo\/image\/"},"sameAs":["https:\/\/www.facebook.com\/KatedraVeduna"]}]}},"_links":{"self":[{"href":"https:\/\/www.veduna.si\/hr\/wp-json\/wp\/v2\/pages\/5435","targetHints":{"allow":["GET"]}}],"collection":[{"href":"https:\/\/www.veduna.si\/hr\/wp-json\/wp\/v2\/pages"}],"about":[{"href":"https:\/\/www.veduna.si\/hr\/wp-json\/wp\/v2\/types\/page"}],"author":[{"embeddable":true,"href":"https:\/\/www.veduna.si\/hr\/wp-json\/wp\/v2\/users\/1"}],"replies":[{"embeddable":true,"href":"https:\/\/www.veduna.si\/hr\/wp-json\/wp\/v2\/comments?post=5435"}],"version-history":[{"count":10,"href":"https:\/\/www.veduna.si\/hr\/wp-json\/wp\/v2\/pages\/5435\/revisions"}],"predecessor-version":[{"id":6732,"href":"https:\/\/www.veduna.si\/hr\/wp-json\/wp\/v2\/pages\/5435\/revisions\/6732"}],"wp:featuredmedia":[{"embeddable":true,"href":"https:\/\/www.veduna.si\/hr\/wp-json\/wp\/v2\/media\/5436"}],"wp:attachment":[{"href":"https:\/\/www.veduna.si\/hr\/wp-json\/wp\/v2\/media?parent=5435"}],"curies":[{"name":"wp","href":"https:\/\/api.w.org\/{rel}","templated":true}]}}