{"id":5411,"date":"2024-01-23T12:59:05","date_gmt":"2024-01-23T11:59:05","guid":{"rendered":"https:\/\/www.veduna.si\/o-nama\/"},"modified":"2026-02-17T11:15:53","modified_gmt":"2026-02-17T10:15:53","slug":"o-nama","status":"publish","type":"page","link":"https:\/\/www.veduna.si\/hr\/","title":{"rendered":"O nama"},"content":{"rendered":"<p>Meditacije i (samo)regulacija s regulacijskim zvukovima i Univerzalnom \u017eivotnom energijom koju prevode Mirit i Tine te ansambl VEDUN<br \/>\nDr. Mira Omerzel \u2013 Mirit, znanstvenica, umjetnica, iscjeliteljica i energetsko-zvu\u010dna terapeutkinja, duhovna u\u010diteljica i spisateljica, osniva\u010dica je Slavensko-pitagorejske \u0161kole za razvoj svijesti i harmonizaciju sa zvukom katedre Veduna i ansambla Vedun, ansambla za drevnu meditativnu glazbu i o\u017eivljavanje spiritualnih iscjeljuju\u0107ih zvukova kultura svijeta.<\/p>\n<a class=\"btn btn-arrow btn-sm\" href=\"https:\/\/www.veduna.si\/hr\/o-katedri-veduna\/\" role=\"button\">Pro\u010ditaj vi\u0161e<\/a>\n","protected":false},"excerpt":{"rendered":"<p>Meditacije i (samo)regulacija s regulacijskim zvukovima i Univerzalnom \u017eivotnom energijom koju prevode Mirit i Tine te ansambl VEDUN Dr. Mira Omerzel \u2013 Mirit, znanstvenica, umjetnica, iscjeliteljica i energetsko-zvu\u010dna terapeutkinja, duhovna u\u010diteljica i spisateljica, osniva\u010dica je Slavensko-pitagorejske \u0161kole za razvoj svijesti i harmonizaciju sa zvukom katedre Veduna i ansambla Vedun, ansambla za drevnu meditativnu glazbu i &#8230; <\/p>\n","protected":false},"author":1,"featured_media":5445,"parent":0,"menu_order":0,"comment_status":"closed","ping_status":"closed","template":"","meta":{"_acf_changed":false,"footnotes":""},"class_list":["post-5411","page","type-page","status-publish","has-post-thumbnail","hentry"],"acf":[],"yoast_head":"<!-- This site is optimized with the Yoast SEO plugin v27.4 - https:\/\/yoast.com\/product\/yoast-seo-wordpress\/ -->\n<title>Katedra Veduna<\/title>\n<meta name=\"description\" content=\"Meditacije i (samo)regulacija s regulacijskim zvukovima i Univerzalnom \u017eivotnom energijom koju prevode Mirit i Tine te ansambl VEDUN\" \/>\n<meta name=\"robots\" content=\"index, follow, max-snippet:-1, max-image-preview:large, max-video-preview:-1\" \/>\n<link rel=\"canonical\" href=\"https:\/\/www.veduna.si\/hr\/\" \/>\n<meta property=\"og:locale\" content=\"hr_HR\" \/>\n<meta property=\"og:type\" content=\"article\" \/>\n<meta property=\"og:title\" content=\"Katedra Veduna\" \/>\n<meta property=\"og:description\" content=\"Meditacije i (samo)regulacija s regulacijskim zvukovima i Univerzalnom \u017eivotnom energijom koju prevode Mirit i Tine te ansambl VEDUN\" \/>\n<meta property=\"og:url\" content=\"https:\/\/www.veduna.si\/hr\/\" \/>\n<meta property=\"og:site_name\" content=\"Veduna\" \/>\n<meta property=\"article:publisher\" content=\"https:\/\/www.facebook.com\/KatedraVeduna\" \/>\n<meta property=\"article:modified_time\" content=\"2026-02-17T10:15:53+00:00\" \/>\n<meta property=\"og:image\" content=\"https:\/\/www.veduna.si\/wp-content\/uploads\/2023\/02\/svetost-zvoka.jpeg\" \/>\n\t<meta property=\"og:image:width\" content=\"456\" \/>\n\t<meta property=\"og:image:height\" content=\"304\" \/>\n\t<meta property=\"og:image:type\" content=\"image\/jpeg\" \/>\n<meta name=\"twitter:card\" content=\"summary_large_image\" \/>\n<meta name=\"twitter:label1\" content=\"Procijenjeno vrijeme \u010ditanja\" \/>\n\t<meta name=\"twitter:data1\" content=\"1 minuta\" \/>\n<script type=\"application\/ld+json\" class=\"yoast-schema-graph\">{\"@context\":\"https:\\\/\\\/schema.org\",\"@graph\":[{\"@type\":\"WebPage\",\"@id\":\"https:\\\/\\\/www.veduna.si\\\/hr\\\/\",\"url\":\"https:\\\/\\\/www.veduna.si\\\/hr\\\/\",\"name\":\"Katedra Veduna\",\"isPartOf\":{\"@id\":\"https:\\\/\\\/veduna.kreativnatovarna.si\\\/#website\"},\"primaryImageOfPage\":{\"@id\":\"https:\\\/\\\/www.veduna.si\\\/hr\\\/#primaryimage\"},\"image\":{\"@id\":\"https:\\\/\\\/www.veduna.si\\\/hr\\\/#primaryimage\"},\"thumbnailUrl\":\"https:\\\/\\\/www.veduna.si\\\/wp-content\\\/uploads\\\/2023\\\/02\\\/svetost-zvoka.jpeg\",\"datePublished\":\"2024-01-23T11:59:05+00:00\",\"dateModified\":\"2026-02-17T10:15:53+00:00\",\"description\":\"Meditacije i (samo)regulacija s regulacijskim zvukovima i Univerzalnom \u017eivotnom energijom koju prevode Mirit i Tine te ansambl VEDUN\",\"breadcrumb\":{\"@id\":\"https:\\\/\\\/www.veduna.si\\\/hr\\\/#breadcrumb\"},\"inLanguage\":\"hr\",\"potentialAction\":[{\"@type\":\"ReadAction\",\"target\":[\"https:\\\/\\\/www.veduna.si\\\/hr\\\/\"]}]},{\"@type\":\"ImageObject\",\"inLanguage\":\"hr\",\"@id\":\"https:\\\/\\\/www.veduna.si\\\/hr\\\/#primaryimage\",\"url\":\"https:\\\/\\\/www.veduna.si\\\/wp-content\\\/uploads\\\/2023\\\/02\\\/svetost-zvoka.jpeg\",\"contentUrl\":\"https:\\\/\\\/www.veduna.si\\\/wp-content\\\/uploads\\\/2023\\\/02\\\/svetost-zvoka.jpeg\",\"width\":456,\"height\":304},{\"@type\":\"BreadcrumbList\",\"@id\":\"https:\\\/\\\/www.veduna.si\\\/hr\\\/#breadcrumb\",\"itemListElement\":[{\"@type\":\"ListItem\",\"position\":1,\"name\":\"Home\",\"item\":\"https:\\\/\\\/www.veduna.si\\\/hr\\\/\"},{\"@type\":\"ListItem\",\"position\":2,\"name\":\"O nama\"}]},{\"@type\":\"WebSite\",\"@id\":\"https:\\\/\\\/veduna.kreativnatovarna.si\\\/#website\",\"url\":\"https:\\\/\\\/veduna.kreativnatovarna.si\\\/\",\"name\":\"Veduna.si\",\"description\":\"Slovansko-pitagorejska katedra za razvoj zavesti in harmoniziranje z zvokom\",\"publisher\":{\"@id\":\"https:\\\/\\\/veduna.kreativnatovarna.si\\\/#organization\"},\"potentialAction\":[{\"@type\":\"SearchAction\",\"target\":{\"@type\":\"EntryPoint\",\"urlTemplate\":\"https:\\\/\\\/veduna.kreativnatovarna.si\\\/?s={search_term_string}\"},\"query-input\":{\"@type\":\"PropertyValueSpecification\",\"valueRequired\":true,\"valueName\":\"search_term_string\"}}],\"inLanguage\":\"hr\"},{\"@type\":\"Organization\",\"@id\":\"https:\\\/\\\/veduna.kreativnatovarna.si\\\/#organization\",\"name\":\"Veduna.si\",\"url\":\"https:\\\/\\\/veduna.kreativnatovarna.si\\\/\",\"logo\":{\"@type\":\"ImageObject\",\"inLanguage\":\"hr\",\"@id\":\"https:\\\/\\\/veduna.kreativnatovarna.si\\\/#\\\/schema\\\/logo\\\/image\\\/\",\"url\":\"https:\\\/\\\/www.veduna.si\\\/wp-content\\\/uploads\\\/2023\\\/02\\\/logo-footer.svg\",\"contentUrl\":\"https:\\\/\\\/www.veduna.si\\\/wp-content\\\/uploads\\\/2023\\\/02\\\/logo-footer.svg\",\"width\":1,\"height\":1,\"caption\":\"Veduna.si\"},\"image\":{\"@id\":\"https:\\\/\\\/veduna.kreativnatovarna.si\\\/#\\\/schema\\\/logo\\\/image\\\/\"},\"sameAs\":[\"https:\\\/\\\/www.facebook.com\\\/KatedraVeduna\"]}]}<\/script>\n<!-- \/ Yoast SEO plugin. -->","yoast_head_json":{"title":"Katedra Veduna","description":"Meditacije i (samo)regulacija s regulacijskim zvukovima i Univerzalnom \u017eivotnom energijom koju prevode Mirit i Tine te ansambl VEDUN","robots":{"index":"index","follow":"follow","max-snippet":"max-snippet:-1","max-image-preview":"max-image-preview:large","max-video-preview":"max-video-preview:-1"},"canonical":"https:\/\/www.veduna.si\/hr\/","og_locale":"hr_HR","og_type":"article","og_title":"Katedra Veduna","og_description":"Meditacije i (samo)regulacija s regulacijskim zvukovima i Univerzalnom \u017eivotnom energijom koju prevode Mirit i Tine te ansambl VEDUN","og_url":"https:\/\/www.veduna.si\/hr\/","og_site_name":"Veduna","article_publisher":"https:\/\/www.facebook.com\/KatedraVeduna","article_modified_time":"2026-02-17T10:15:53+00:00","og_image":[{"width":456,"height":304,"url":"https:\/\/www.veduna.si\/wp-content\/uploads\/2023\/02\/svetost-zvoka.jpeg","type":"image\/jpeg"}],"twitter_card":"summary_large_image","twitter_misc":{"Procijenjeno vrijeme \u010ditanja":"1 minuta"},"schema":{"@context":"https:\/\/schema.org","@graph":[{"@type":"WebPage","@id":"https:\/\/www.veduna.si\/hr\/","url":"https:\/\/www.veduna.si\/hr\/","name":"Katedra Veduna","isPartOf":{"@id":"https:\/\/veduna.kreativnatovarna.si\/#website"},"primaryImageOfPage":{"@id":"https:\/\/www.veduna.si\/hr\/#primaryimage"},"image":{"@id":"https:\/\/www.veduna.si\/hr\/#primaryimage"},"thumbnailUrl":"https:\/\/www.veduna.si\/wp-content\/uploads\/2023\/02\/svetost-zvoka.jpeg","datePublished":"2024-01-23T11:59:05+00:00","dateModified":"2026-02-17T10:15:53+00:00","description":"Meditacije i (samo)regulacija s regulacijskim zvukovima i Univerzalnom \u017eivotnom energijom koju prevode Mirit i Tine te ansambl VEDUN","breadcrumb":{"@id":"https:\/\/www.veduna.si\/hr\/#breadcrumb"},"inLanguage":"hr","potentialAction":[{"@type":"ReadAction","target":["https:\/\/www.veduna.si\/hr\/"]}]},{"@type":"ImageObject","inLanguage":"hr","@id":"https:\/\/www.veduna.si\/hr\/#primaryimage","url":"https:\/\/www.veduna.si\/wp-content\/uploads\/2023\/02\/svetost-zvoka.jpeg","contentUrl":"https:\/\/www.veduna.si\/wp-content\/uploads\/2023\/02\/svetost-zvoka.jpeg","width":456,"height":304},{"@type":"BreadcrumbList","@id":"https:\/\/www.veduna.si\/hr\/#breadcrumb","itemListElement":[{"@type":"ListItem","position":1,"name":"Home","item":"https:\/\/www.veduna.si\/hr\/"},{"@type":"ListItem","position":2,"name":"O nama"}]},{"@type":"WebSite","@id":"https:\/\/veduna.kreativnatovarna.si\/#website","url":"https:\/\/veduna.kreativnatovarna.si\/","name":"Veduna.si","description":"Slovansko-pitagorejska katedra za razvoj zavesti in harmoniziranje z zvokom","publisher":{"@id":"https:\/\/veduna.kreativnatovarna.si\/#organization"},"potentialAction":[{"@type":"SearchAction","target":{"@type":"EntryPoint","urlTemplate":"https:\/\/veduna.kreativnatovarna.si\/?s={search_term_string}"},"query-input":{"@type":"PropertyValueSpecification","valueRequired":true,"valueName":"search_term_string"}}],"inLanguage":"hr"},{"@type":"Organization","@id":"https:\/\/veduna.kreativnatovarna.si\/#organization","name":"Veduna.si","url":"https:\/\/veduna.kreativnatovarna.si\/","logo":{"@type":"ImageObject","inLanguage":"hr","@id":"https:\/\/veduna.kreativnatovarna.si\/#\/schema\/logo\/image\/","url":"https:\/\/www.veduna.si\/wp-content\/uploads\/2023\/02\/logo-footer.svg","contentUrl":"https:\/\/www.veduna.si\/wp-content\/uploads\/2023\/02\/logo-footer.svg","width":1,"height":1,"caption":"Veduna.si"},"image":{"@id":"https:\/\/veduna.kreativnatovarna.si\/#\/schema\/logo\/image\/"},"sameAs":["https:\/\/www.facebook.com\/KatedraVeduna"]}]}},"_links":{"self":[{"href":"https:\/\/www.veduna.si\/hr\/wp-json\/wp\/v2\/pages\/5411","targetHints":{"allow":["GET"]}}],"collection":[{"href":"https:\/\/www.veduna.si\/hr\/wp-json\/wp\/v2\/pages"}],"about":[{"href":"https:\/\/www.veduna.si\/hr\/wp-json\/wp\/v2\/types\/page"}],"author":[{"embeddable":true,"href":"https:\/\/www.veduna.si\/hr\/wp-json\/wp\/v2\/users\/1"}],"replies":[{"embeddable":true,"href":"https:\/\/www.veduna.si\/hr\/wp-json\/wp\/v2\/comments?post=5411"}],"version-history":[{"count":11,"href":"https:\/\/www.veduna.si\/hr\/wp-json\/wp\/v2\/pages\/5411\/revisions"}],"predecessor-version":[{"id":7601,"href":"https:\/\/www.veduna.si\/hr\/wp-json\/wp\/v2\/pages\/5411\/revisions\/7601"}],"wp:featuredmedia":[{"embeddable":true,"href":"https:\/\/www.veduna.si\/hr\/wp-json\/wp\/v2\/media\/5445"}],"wp:attachment":[{"href":"https:\/\/www.veduna.si\/hr\/wp-json\/wp\/v2\/media?parent=5411"}],"curies":[{"name":"wp","href":"https:\/\/api.w.org\/{rel}","templated":true}]}}